{"id":1091,"date":"2016-03-08T23:20:05","date_gmt":"2016-03-08T22:20:05","guid":{"rendered":"http:\/\/www.trisomie-18.de\/blog\/?page_id=1091"},"modified":"2019-11-19T21:15:36","modified_gmt":"2019-11-19T20:15:36","slug":"bilder-von-jael-trisomie18","status":"publish","type":"page","link":"https:\/\/www.trisomie-18.de\/blog\/bilder-von-jael-trisomie18\/","title":{"rendered":"Bilder"},"content":{"rendered":"\t\t<div data-elementor-type=\"wp-page\" data-elementor-id=\"1091\" class=\"elementor elementor-1091\" data-elementor-settings=\"[]\">\n\t\t\t\t\t\t<div class=\"elementor-inner\">\n\t\t\t\t\t\t\t<div class=\"elementor-section-wrap\">\n\t\t\t\t\t\t\t<section class=\"elementor-section elementor-top-section elementor-element elementor-element-4cb5547 elementor-section-boxed elementor-section-height-default elementor-section-height-default\" data-id=\"4cb5547\" data-element_type=\"section\">\n\t\t\t\t\t\t<div class=\"elementor-container elementor-column-gap-default\">\n\t\t\t\t\t\t\t<div class=\"elementor-row\">\n\t\t\t\t\t<div class=\"elementor-column elementor-col-100 elementor-top-column elementor-element elementor-element-1676d52\" data-id=\"1676d52\" data-element_type=\"column\">\n\t\t\t<div class=\"elementor-column-wrap elementor-element-populated\">\n\t\t\t\t\t\t\t<div class=\"elementor-widget-wrap\">\n\t\t\t\t\t\t<div class=\"elementor-element elementor-element-0b18be8 elementor-widget elementor-widget-heading\" data-id=\"0b18be8\" data-element_type=\"widget\" data-widget_type=\"heading.default\">\n\t\t\t\t<div class=\"elementor-widget-container\">\n\t\t\t<h1 class=\"elementor-heading-title elementor-size-large\">Bilder von Ja\u00ebl (Freie Trisomie 18)<\/h1>\t\t<\/div>\n\t\t\t\t<\/div>\n\t\t\t\t\t\t<\/div>\n\t\t\t\t\t<\/div>\n\t\t<\/div>\n\t\t\t\t\t\t\t\t<\/div>\n\t\t\t\t\t<\/div>\n\t\t<\/section>\n\t\t\t\t<section class=\"elementor-section elementor-top-section elementor-element elementor-element-3dc3caee elementor-section-boxed elementor-section-height-default elementor-section-height-default\" data-id=\"3dc3caee\" data-element_type=\"section\">\n\t\t\t\t\t\t<div class=\"elementor-container elementor-column-gap-default\">\n\t\t\t\t\t\t\t<div class=\"elementor-row\">\n\t\t\t\t\t<div class=\"elementor-column elementor-col-100 elementor-top-column elementor-element elementor-element-1fe41b14\" data-id=\"1fe41b14\" data-element_type=\"column\">\n\t\t\t<div class=\"elementor-column-wrap elementor-element-populated\">\n\t\t\t\t\t\t\t<div class=\"elementor-widget-wrap\">\n\t\t\t\t\t\t<div class=\"elementor-element elementor-element-3e36c677 elementor-widget elementor-widget-text-editor\" data-id=\"3e36c677\" data-element_type=\"widget\" data-widget_type=\"text-editor.default\">\n\t\t\t\t<div class=\"elementor-widget-container\">\n\t\t\t\t\t<div class=\"elementor-text-editor elementor-clearfix\"><p>Wir sind zutiefst dankbar f\u00fcr die vielen sch\u00f6nen Bilder, die wir von Ja\u00ebl haben. Es sind kostbare Erinnerungen, durch die uns unsere Tochter auch nach ihrem Abschied nah ist. Dass wir trotz <a href=\"http:\/\/www.trisomie-18.de\/blog\/was-ist-trisomie-18\/\" target=\"_blank\" rel=\"noopener\">Trisomie 18<\/a> 13 gemeinsame Jahre erleben durften, ist f\u00fcr uns Wunder und Geschenk. Die Fotos sind in chronologischer Reihenfolge. Sie werden nach und nach mit unver\u00f6ffentlichten Bildern aus den Familienalben erg\u00e4nzt.<\/p><p><div id='gallery-1' class='gallery galleryid-1091 gallery-columns-3 gallery-size-thumbnail'><figure class='gallery-item'>\n\t\t\t<div class='gallery-icon landscape'>\n\t\t\t\t<a href='https:\/\/www.trisomie-18.de\/blog\/jael_anzeige_web2\/'><img width=\"150\" height=\"150\" src=\"https:\/\/www.trisomie-18.de\/blog\/wp-content\/uploads\/2014\/12\/Jael_Anzeige_web2-150x150.jpg\" class=\"attachment-thumbnail size-thumbnail\" alt=\"\" loading=\"lazy\" \/><\/a>\n\t\t\t<\/div><\/figure><figure class='gallery-item'>\n\t\t\t<div class='gallery-icon portrait'>\n\t\t\t\t<a href='https:\/\/www.trisomie-18.de\/blog\/foto-07-09-14-18-54-21-2\/'><img width=\"150\" height=\"150\" src=\"https:\/\/www.trisomie-18.de\/blog\/wp-content\/uploads\/2016\/03\/Foto-07.09.14-18-54-21-150x150.jpg\" class=\"attachment-thumbnail size-thumbnail\" alt=\"\" loading=\"lazy\" \/><\/a>\n\t\t\t<\/div><\/figure><figure class='gallery-item'>\n\t\t\t<div class='gallery-icon landscape'>\n\t\t\t\t<a href='https:\/\/www.trisomie-18.de\/blog\/foto-25-05-14-10-59-16\/'><img width=\"150\" height=\"150\" src=\"https:\/\/www.trisomie-18.de\/blog\/wp-content\/uploads\/2016\/03\/Foto-25.05.14-10-59-16-150x150.jpg\" class=\"attachment-thumbnail size-thumbnail\" alt=\"\" loading=\"lazy\" srcset=\"https:\/\/www.trisomie-18.de\/blog\/wp-content\/uploads\/2016\/03\/Foto-25.05.14-10-59-16-150x150.jpg 150w, https:\/\/www.trisomie-18.de\/blog\/wp-content\/uploads\/2016\/03\/Foto-25.05.14-10-59-16-300x300.jpg 300w, https:\/\/www.trisomie-18.de\/blog\/wp-content\/uploads\/2016\/03\/Foto-25.05.14-10-59-16-1024x1024.jpg 1024w, https:\/\/www.trisomie-18.de\/blog\/wp-content\/uploads\/2016\/03\/Foto-25.05.14-10-59-16.jpg 1936w\" sizes=\"(max-width: 150px) 100vw, 150px\" \/><\/a>\n\t\t\t<\/div><\/figure><figure class='gallery-item'>\n\t\t\t<div class='gallery-icon portrait'>\n\t\t\t\t<a href='https:\/\/www.trisomie-18.de\/blog\/2019\/08\/14\/jael-foerdert-umdenken-medizin\/img_0204\/'><img width=\"150\" height=\"150\" src=\"https:\/\/www.trisomie-18.de\/blog\/wp-content\/uploads\/2016\/03\/IMG_0204-150x150.jpg\" class=\"attachment-thumbnail size-thumbnail\" alt=\"L\u00e4chelndes M\u00e4dchen mit dunklen, lockigen Haaren und Haarklammern, tr\u00e4gt ein gestreiftes Hemd. Sie sitzt auf einem Sofa.\" loading=\"lazy\" \/><\/a>\n\t\t\t<\/div><\/figure><figure class='gallery-item'>\n\t\t\t<div class='gallery-icon landscape'>\n\t\t\t\t<a href='https:\/\/www.trisomie-18.de\/blog\/img_0120_800px\/'><img width=\"150\" height=\"150\" src=\"https:\/\/www.trisomie-18.de\/blog\/wp-content\/uploads\/2016\/03\/IMG_0120_800px-150x150.jpg\" class=\"attachment-thumbnail size-thumbnail\" alt=\"Wolfgang l\u00e4chelt in die Kamera, seine Tochter Ja\u00ebl (Trisomie) ist auf seinem Arm und l\u00e4chelt ihn von der Seite an.\" loading=\"lazy\" \/><\/a>\n\t\t\t<\/div><\/figure><figure class='gallery-item'>\n\t\t\t<div class='gallery-icon portrait'>\n\t\t\t\t<a href='https:\/\/www.trisomie-18.de\/blog\/2015\/01\/04\/anteilnahme-teil-1\/jael_anteilnahme1\/'><img width=\"150\" height=\"150\" src=\"https:\/\/www.trisomie-18.de\/blog\/wp-content\/uploads\/2015\/01\/Jael_anteilnahme1-150x150.jpg\" class=\"attachment-thumbnail size-thumbnail\" alt=\"\" loading=\"lazy\" \/><\/a>\n\t\t\t<\/div><\/figure><figure class='gallery-item'>\n\t\t\t<div class='gallery-icon portrait'>\n\t\t\t\t<a href='https:\/\/www.trisomie-18.de\/blog\/img_9058\/'><img width=\"150\" height=\"150\" src=\"https:\/\/www.trisomie-18.de\/blog\/wp-content\/uploads\/2016\/03\/IMG_9058-150x150.jpg\" class=\"attachment-thumbnail size-thumbnail\" alt=\"\" loading=\"lazy\" \/><\/a>\n\t\t\t<\/div><\/figure><figure class='gallery-item'>\n\t\t\t<div class='gallery-icon portrait'>\n\t\t\t\t<a href='https:\/\/www.trisomie-18.de\/blog\/img_3846\/'><img width=\"150\" height=\"150\" src=\"https:\/\/www.trisomie-18.de\/blog\/wp-content\/uploads\/2016\/03\/IMG_3846-150x150.jpg\" class=\"attachment-thumbnail size-thumbnail\" alt=\"\" loading=\"lazy\" \/><\/a>\n\t\t\t<\/div><\/figure><figure class='gallery-item'>\n\t\t\t<div class='gallery-icon landscape'>\n\t\t\t\t<a href='https:\/\/www.trisomie-18.de\/blog\/img_7088\/'><img width=\"150\" height=\"150\" src=\"https:\/\/www.trisomie-18.de\/blog\/wp-content\/uploads\/2016\/03\/IMG_7088-150x150.jpg\" class=\"attachment-thumbnail size-thumbnail\" alt=\"\" loading=\"lazy\" \/><\/a>\n\t\t\t<\/div><\/figure><figure class='gallery-item'>\n\t\t\t<div class='gallery-icon landscape'>\n\t\t\t\t<a href='https:\/\/www.trisomie-18.de\/blog\/img_4430-kopie_800px\/'><img width=\"150\" height=\"150\" src=\"https:\/\/www.trisomie-18.de\/blog\/wp-content\/uploads\/2016\/03\/IMG_4430-Kopie_800px-150x150.jpg\" class=\"attachment-thumbnail size-thumbnail\" alt=\"Ja\u00ebl (Trisomie 18) mit 7 Jahren, auf dem Arm ihrer Mama, schaut sich ein Buch an, das ihre Mama h\u00e4lt.\" loading=\"lazy\" \/><\/a>\n\t\t\t<\/div><\/figure><figure class='gallery-item'>\n\t\t\t<div class='gallery-icon landscape'>\n\t\t\t\t<a href='https:\/\/www.trisomie-18.de\/blog\/2015\/01\/11\/anteilnahme-teil-2\/img_3641\/'><img width=\"150\" height=\"150\" src=\"https:\/\/www.trisomie-18.de\/blog\/wp-content\/uploads\/2015\/01\/IMG_3641-150x150.jpg\" class=\"attachment-thumbnail size-thumbnail\" alt=\"\" loading=\"lazy\" \/><\/a>\n\t\t\t<\/div><\/figure><figure class='gallery-item'>\n\t\t\t<div class='gallery-icon portrait'>\n\t\t\t\t<a href='https:\/\/www.trisomie-18.de\/blog\/2019\/03\/18\/18-maerz-ist-trisomy-18-awareness-day\/2003-f\/'><img width=\"150\" height=\"150\" src=\"https:\/\/www.trisomie-18.de\/blog\/wp-content\/uploads\/2019\/03\/2003-F-150x150.jpg\" class=\"attachment-thumbnail size-thumbnail\" alt=\"Die zweij\u00e4hrige Ja\u00ebl (mit Trisomie 18) sitzt auf dem Scho\u00df ihrer Mutter, die beiden l\u00e4cheln sich an, w\u00e4hrend sich ihre Blicke treffen.\" loading=\"lazy\" \/><\/a>\n\t\t\t<\/div><\/figure><figure class='gallery-item'>\n\t\t\t<div class='gallery-icon portrait'>\n\t\t\t\t<a href='https:\/\/www.trisomie-18.de\/blog\/2003-e\/'><img width=\"150\" height=\"150\" src=\"https:\/\/www.trisomie-18.de\/blog\/wp-content\/uploads\/2016\/03\/2003-E-150x150.jpg\" class=\"attachment-thumbnail size-thumbnail\" alt=\"\" loading=\"lazy\" \/><\/a>\n\t\t\t<\/div><\/figure><figure class='gallery-item'>\n\t\t\t<div class='gallery-icon portrait'>\n\t\t\t\t<a href='https:\/\/www.trisomie-18.de\/blog\/?attachment_id=394'><img width=\"150\" height=\"150\" src=\"https:\/\/www.trisomie-18.de\/blog\/wp-content\/uploads\/2002\/07\/jael_07-150x150.jpg\" class=\"attachment-thumbnail size-thumbnail\" alt=\"\" loading=\"lazy\" srcset=\"https:\/\/www.trisomie-18.de\/blog\/wp-content\/uploads\/2002\/07\/jael_07-150x150.jpg 150w, https:\/\/www.trisomie-18.de\/blog\/wp-content\/uploads\/2002\/07\/jael_07-300x300.jpg 300w\" sizes=\"(max-width: 150px) 100vw, 150px\" \/><\/a>\n\t\t\t<\/div><\/figure><figure class='gallery-item'>\n\t\t\t<div class='gallery-icon portrait'>\n\t\t\t\t<a href='https:\/\/www.trisomie-18.de\/blog\/2015\/12\/01\/einzigartig-wunderbar-geliebt\/2003-c_2\/'><img width=\"150\" height=\"150\" src=\"https:\/\/www.trisomie-18.de\/blog\/wp-content\/uploads\/2015\/11\/2003-C_2-150x150.jpg\" class=\"attachment-thumbnail size-thumbnail\" alt=\"\" loading=\"lazy\" \/><\/a>\n\t\t\t<\/div><\/figure><figure class='gallery-item'>\n\t\t\t<div class='gallery-icon landscape'>\n\t\t\t\t<a href='https:\/\/www.trisomie-18.de\/blog\/2018\/03\/18\/18-maerz-trisomy18-awareness-day\/scannen-10\/'><img width=\"150\" height=\"150\" src=\"https:\/\/www.trisomie-18.de\/blog\/wp-content\/uploads\/2018\/03\/Scannen-10-150x150.jpg\" class=\"attachment-thumbnail size-thumbnail\" alt=\"Ein Baby (mit Trisomie 18) mit kurzen, dunklen Haaren und gro\u00dfen, braunen Augen liegt in einem blauen, karierten Kinderstuhl. Es tr\u00e4gt einen blauen Overall und hat einen nachdenklichen Gesichtsausdruck.\" loading=\"lazy\" \/><\/a>\n\t\t\t<\/div><\/figure><figure class='gallery-item'>\n\t\t\t<div class='gallery-icon landscape'>\n\t\t\t\t<a href='https:\/\/www.trisomie-18.de\/blog\/bilder-von-jael-trisomie18\/leben43\/'><img width=\"150\" height=\"150\" src=\"https:\/\/www.trisomie-18.de\/blog\/wp-content\/uploads\/2019\/09\/LEBEN43-150x150.jpg\" class=\"attachment-thumbnail size-thumbnail\" alt=\"Ja\u00ebl (Trisomie 18), etwas \u00fcber ein Jahr alt, liegt entspannt im B\u00e4llebad und schaut zufrieden in die Kamera.\" loading=\"lazy\" \/><\/a>\n\t\t\t<\/div><\/figure><figure class='gallery-item'>\n\t\t\t<div class='gallery-icon landscape'>\n\t\t\t\t<a href='https:\/\/www.trisomie-18.de\/blog\/bilder-von-jael-trisomie18\/version-2\/'><img width=\"150\" height=\"150\" src=\"https:\/\/www.trisomie-18.de\/blog\/wp-content\/uploads\/2019\/09\/Foto-041214230412-150x150.jpeg\" class=\"attachment-thumbnail size-thumbnail\" alt=\"Ja\u00ebl (Trisomie 18) und ihr Papa l\u00e4cheln in die Kamera\" loading=\"lazy\" \/><\/a>\n\t\t\t<\/div><\/figure><figure class='gallery-item'>\n\t\t\t<div class='gallery-icon landscape'>\n\t\t\t\t<a href='https:\/\/www.trisomie-18.de\/blog\/jael03-3_800px\/'><img width=\"150\" height=\"150\" src=\"https:\/\/www.trisomie-18.de\/blog\/wp-content\/uploads\/2016\/03\/Jael03-3_800px-150x150.jpg\" class=\"attachment-thumbnail size-thumbnail\" alt=\"Ja\u00ebl (Trisomie 18) mit 6 Monaten, schaut ihren Papa an und hat die rechte Hand am Mund.\" loading=\"lazy\" \/><\/a>\n\t\t\t<\/div><\/figure><figure class='gallery-item'>\n\t\t\t<div class='gallery-icon landscape'>\n\t\t\t\t<a href='https:\/\/www.trisomie-18.de\/blog\/jael03-2_800px\/'><img width=\"150\" height=\"150\" src=\"https:\/\/www.trisomie-18.de\/blog\/wp-content\/uploads\/2016\/03\/Jael03-2_800px-150x150.jpg\" class=\"attachment-thumbnail size-thumbnail\" alt=\"Ja\u00ebl (Trisomie 18) im Alter von 5 Monaten, auf dem Arm ihrer Mama\" loading=\"lazy\" \/><\/a>\n\t\t\t<\/div><\/figure><figure class='gallery-item'>\n\t\t\t<div class='gallery-icon landscape'>\n\t\t\t\t<a href='https:\/\/www.trisomie-18.de\/blog\/2015\/09\/15\/dankbar\/jael03\/'><img width=\"150\" height=\"150\" src=\"https:\/\/www.trisomie-18.de\/blog\/wp-content\/uploads\/2015\/09\/Jael03-150x150.jpeg\" class=\"attachment-thumbnail size-thumbnail\" alt=\"\" loading=\"lazy\" \/><\/a>\n\t\t\t<\/div><\/figure><figure class='gallery-item'>\n\t\t\t<div class='gallery-icon portrait'>\n\t\t\t\t<a href='https:\/\/www.trisomie-18.de\/blog\/jael02\/'><img width=\"150\" height=\"150\" src=\"https:\/\/www.trisomie-18.de\/blog\/wp-content\/uploads\/2016\/03\/Jael02-150x150.jpeg\" class=\"attachment-thumbnail size-thumbnail\" alt=\"Ja\u00ebl (Trisomie 18) kurz nach der Geburt, die Augen sind noch geschlossen.\" loading=\"lazy\" \/><\/a>\n\t\t\t<\/div><\/figure>\n\t\t<\/div>\n<\/p><\/div>\n\t\t\t\t<\/div>\n\t\t\t\t<\/div>\n\t\t\t\t\t\t<\/div>\n\t\t\t\t\t<\/div>\n\t\t<\/div>\n\t\t\t\t\t\t\t\t<\/div>\n\t\t\t\t\t<\/div>\n\t\t<\/section>\n\t\t\t\t\t\t<\/div>\n\t\t\t\t\t\t<\/div>\n\t\t\t\t\t<\/div>\n\t\t","protected":false},"excerpt":{"rendered":"<p>Bilder von Ja\u00ebl (Freie Trisomie 18) Wir sind zutiefst dankbar f\u00fcr die vielen sch\u00f6nen Bilder, die wir von Ja\u00ebl haben. Es sind kostbare Erinnerungen, durch die uns unsere Tochter auch nach ihrem Abschied nah ist. Dass wir trotz Trisomie 18 13 gemeinsame Jahre erleben durften, ist f\u00fcr uns Wunder und Geschenk. Die Fotos sind in [&hellip;]<\/p>\n","protected":false},"author":1,"featured_media":0,"parent":0,"menu_order":0,"comment_status":"open","ping_status":"closed","template":"","meta":[],"_links":{"self":[{"href":"https:\/\/www.trisomie-18.de\/blog\/wp-json\/wp\/v2\/pages\/1091"}],"collection":[{"href":"https:\/\/www.trisomie-18.de\/blog\/wp-json\/wp\/v2\/pages"}],"about":[{"href":"https:\/\/www.trisomie-18.de\/blog\/wp-json\/wp\/v2\/types\/page"}],"author":[{"embeddable":true,"href":"https:\/\/www.trisomie-18.de\/blog\/wp-json\/wp\/v2\/users\/1"}],"replies":[{"embeddable":true,"href":"https:\/\/www.trisomie-18.de\/blog\/wp-json\/wp\/v2\/comments?post=1091"}],"version-history":[{"count":9,"href":"https:\/\/www.trisomie-18.de\/blog\/wp-json\/wp\/v2\/pages\/1091\/revisions"}],"predecessor-version":[{"id":3731,"href":"https:\/\/www.trisomie-18.de\/blog\/wp-json\/wp\/v2\/pages\/1091\/revisions\/3731"}],"wp:attachment":[{"href":"https:\/\/www.trisomie-18.de\/blog\/wp-json\/wp\/v2\/media?parent=1091"}],"curies":[{"name":"wp","href":"https:\/\/api.w.org\/{rel}","templated":true}]}}