{"id":1523,"date":"2018-01-07T10:53:23","date_gmt":"2018-01-07T09:53:23","guid":{"rendered":"http:\/\/www.trisomie-18.de\/blog\/?page_id=1523"},"modified":"2025-03-26T09:29:42","modified_gmt":"2025-03-26T08:29:42","slug":"kontakt","status":"publish","type":"page","link":"https:\/\/www.trisomie-18.de\/blog\/kontakt\/","title":{"rendered":"Kontakt"},"content":{"rendered":"\t\t<div data-elementor-type=\"wp-page\" data-elementor-id=\"1523\" class=\"elementor elementor-1523\" data-elementor-settings=\"[]\">\n\t\t\t\t\t\t<div class=\"elementor-inner\">\n\t\t\t\t\t\t\t<div class=\"elementor-section-wrap\">\n\t\t\t\t\t\t\t<section class=\"elementor-section elementor-top-section elementor-element elementor-element-5f7652c elementor-section-boxed elementor-section-height-default elementor-section-height-default\" data-id=\"5f7652c\" data-element_type=\"section\">\n\t\t\t\t\t\t<div class=\"elementor-container elementor-column-gap-default\">\n\t\t\t\t\t\t\t<div class=\"elementor-row\">\n\t\t\t\t\t<div class=\"elementor-column elementor-col-100 elementor-top-column elementor-element elementor-element-c6c3e8b\" data-id=\"c6c3e8b\" data-element_type=\"column\">\n\t\t\t<div class=\"elementor-column-wrap elementor-element-populated\">\n\t\t\t\t\t\t\t<div class=\"elementor-widget-wrap\">\n\t\t\t\t\t\t<div class=\"elementor-element elementor-element-f1b4511 elementor-widget elementor-widget-heading\" data-id=\"f1b4511\" data-element_type=\"widget\" data-widget_type=\"heading.default\">\n\t\t\t\t<div class=\"elementor-widget-container\">\n\t\t\t<h1 class=\"elementor-heading-title elementor-size-large\">Kontakt<\/h1>\t\t<\/div>\n\t\t\t\t<\/div>\n\t\t\t\t\t\t<\/div>\n\t\t\t\t\t<\/div>\n\t\t<\/div>\n\t\t\t\t\t\t\t\t<\/div>\n\t\t\t\t\t<\/div>\n\t\t<\/section>\n\t\t\t\t<section class=\"elementor-section elementor-top-section elementor-element elementor-element-8835050 elementor-section-boxed elementor-section-height-default elementor-section-height-default\" data-id=\"8835050\" data-element_type=\"section\">\n\t\t\t\t\t\t<div class=\"elementor-container elementor-column-gap-default\">\n\t\t\t\t\t\t\t<div class=\"elementor-row\">\n\t\t\t\t\t<div class=\"elementor-column elementor-col-50 elementor-top-column elementor-element elementor-element-109b0b7\" data-id=\"109b0b7\" data-element_type=\"column\">\n\t\t\t<div class=\"elementor-column-wrap elementor-element-populated\">\n\t\t\t\t\t\t\t<div class=\"elementor-widget-wrap\">\n\t\t\t\t\t\t<div class=\"elementor-element elementor-element-e5055c3 elementor-widget elementor-widget-image\" data-id=\"e5055c3\" data-element_type=\"widget\" data-widget_type=\"image.default\">\n\t\t\t\t<div class=\"elementor-widget-container\">\n\t\t\t\t\t<div class=\"elementor-image\">\n\t\t\t\t\t\t\t\t\t\t<img width=\"600\" height=\"600\" src=\"https:\/\/www.trisomie-18.de\/blog\/wp-content\/uploads\/2018\/04\/Autorenbild-Quadrat_kl.jpg\" class=\"attachment-large size-large\" alt=\"Shabnam und Wolfgang Arzt, Eltern von Ja\u00ebl, die mit Diagnose Trisomie 18 13 Jahre alt wurde\" loading=\"lazy\" srcset=\"https:\/\/www.trisomie-18.de\/blog\/wp-content\/uploads\/2018\/04\/Autorenbild-Quadrat_kl.jpg 600w, https:\/\/www.trisomie-18.de\/blog\/wp-content\/uploads\/2018\/04\/Autorenbild-Quadrat_kl-150x150.jpg 150w, https:\/\/www.trisomie-18.de\/blog\/wp-content\/uploads\/2018\/04\/Autorenbild-Quadrat_kl-300x300.jpg 300w\" sizes=\"(max-width: 600px) 100vw, 600px\" \/>\t\t\t\t\t\t\t\t\t\t\t<\/div>\n\t\t\t\t<\/div>\n\t\t\t\t<\/div>\n\t\t\t\t\t\t<\/div>\n\t\t\t\t\t<\/div>\n\t\t<\/div>\n\t\t\t\t<div class=\"elementor-column elementor-col-50 elementor-top-column elementor-element elementor-element-07e2aa7\" data-id=\"07e2aa7\" data-element_type=\"column\">\n\t\t\t<div class=\"elementor-column-wrap elementor-element-populated\">\n\t\t\t\t\t\t\t<div class=\"elementor-widget-wrap\">\n\t\t\t\t\t\t<div class=\"elementor-element elementor-element-b7565db elementor-widget elementor-widget-text-editor\" data-id=\"b7565db\" data-element_type=\"widget\" data-widget_type=\"text-editor.default\">\n\t\t\t\t<div class=\"elementor-widget-container\">\n\t\t\t\t\t<div class=\"elementor-text-editor elementor-clearfix\"><p><b>Wir freuen uns, von euch zu h\u00f6ren!<\/b><\/p>\n<p style=\"font-variant-caps: normal; font-family: Roboto, sans-serif; font-size: 15px; font-style: normal;\">Ob Gedanken zu unserer Geschichte, R\u00fcckmeldungen zu unserem Buch oder Anfragen f\u00fcr Lesungen und Vortr\u00e4ge \u2013 jede Nachricht bedeutet uns viel. Schreibt uns gern, wir melden uns so bald wie m\u00f6glich zur\u00fcck.<\/p>\n<p style=\"font-variant-caps: normal; font-family: Roboto, sans-serif; font-size: 15px; font-style: normal;\"><strong style=\"font-size: 15px;\">Shabnam Arzt &amp; Wolfgang Arzt<\/strong><br>E-Mail:&nbsp;<a style=\"font-size: 15px; transition-timing-function: ease; transition-property: all;\" href=\"mailto:sw.arzt@mailbox.org\">sw.arzt[at]mailbox.org<\/a><br>Instagram:&nbsp;<a href=\"http:\/\/instagram.com\/jaelinchen\" target=\"_blank\" style=\"font-size: 15px;\">jaelinchen<\/a><\/p>\n<p><\/p><\/div>\n\t\t\t\t<\/div>\n\t\t\t\t<\/div>\n\t\t\t\t\t\t<\/div>\n\t\t\t\t\t<\/div>\n\t\t<\/div>\n\t\t\t\t\t\t\t\t<\/div>\n\t\t\t\t\t<\/div>\n\t\t<\/section>\n\t\t\t\t\t\t<\/div>\n\t\t\t\t\t\t<\/div>\n\t\t\t\t\t<\/div>\n\t\t","protected":false},"excerpt":{"rendered":"<p>Kontakt Wir freuen uns, von euch zu h\u00f6ren! Ob Gedanken zu unserer Geschichte, R\u00fcckmeldungen zu unserem Buch oder Anfragen f\u00fcr Lesungen und Vortr\u00e4ge \u2013 jede Nachricht bedeutet uns viel. Schreibt uns gern, wir melden uns so bald wie m\u00f6glich zur\u00fcck. Shabnam Arzt &amp; Wolfgang ArztE-Mail:&nbsp;sw.arzt[at]mailbox.orgInstagram:&nbsp;jaelinchen<\/p>\n","protected":false},"author":1,"featured_media":0,"parent":0,"menu_order":0,"comment_status":"closed","ping_status":"closed","template":"","meta":[],"_links":{"self":[{"href":"https:\/\/www.trisomie-18.de\/blog\/wp-json\/wp\/v2\/pages\/1523"}],"collection":[{"href":"https:\/\/www.trisomie-18.de\/blog\/wp-json\/wp\/v2\/pages"}],"about":[{"href":"https:\/\/www.trisomie-18.de\/blog\/wp-json\/wp\/v2\/types\/page"}],"author":[{"embeddable":true,"href":"https:\/\/www.trisomie-18.de\/blog\/wp-json\/wp\/v2\/users\/1"}],"replies":[{"embeddable":true,"href":"https:\/\/www.trisomie-18.de\/blog\/wp-json\/wp\/v2\/comments?post=1523"}],"version-history":[{"count":26,"href":"https:\/\/www.trisomie-18.de\/blog\/wp-json\/wp\/v2\/pages\/1523\/revisions"}],"predecessor-version":[{"id":3898,"href":"https:\/\/www.trisomie-18.de\/blog\/wp-json\/wp\/v2\/pages\/1523\/revisions\/3898"}],"wp:attachment":[{"href":"https:\/\/www.trisomie-18.de\/blog\/wp-json\/wp\/v2\/media?parent=1523"}],"curies":[{"name":"wp","href":"https:\/\/api.w.org\/{rel}","templated":true}]}}