{"id":63,"date":"2007-05-17T20:18:35","date_gmt":"2007-05-17T18:18:35","guid":{"rendered":"http:\/\/www.trisomie-18.de\/blog\/?page_id=63"},"modified":"2025-03-30T11:59:09","modified_gmt":"2025-03-30T09:59:09","slug":"gastebuch","status":"publish","type":"page","link":"https:\/\/www.trisomie-18.de\/blog\/gastebuch\/","title":{"rendered":"G\u00e4stebuch &#038; Stimmen"},"content":{"rendered":"\t\t<div data-elementor-type=\"wp-page\" data-elementor-id=\"63\" class=\"elementor elementor-63\" data-elementor-settings=\"[]\">\n\t\t\t\t\t\t<div class=\"elementor-inner\">\n\t\t\t\t\t\t\t<div class=\"elementor-section-wrap\">\n\t\t\t\t\t\t\t<section class=\"elementor-section elementor-top-section elementor-element elementor-element-5157a35 elementor-section-boxed elementor-section-height-default elementor-section-height-default\" data-id=\"5157a35\" data-element_type=\"section\">\n\t\t\t\t\t\t<div class=\"elementor-container elementor-column-gap-default\">\n\t\t\t\t\t\t\t<div class=\"elementor-row\">\n\t\t\t\t\t<div class=\"elementor-column elementor-col-100 elementor-top-column elementor-element elementor-element-a3e6a9c\" data-id=\"a3e6a9c\" data-element_type=\"column\">\n\t\t\t<div class=\"elementor-column-wrap elementor-element-populated\">\n\t\t\t\t\t\t\t<div class=\"elementor-widget-wrap\">\n\t\t\t\t\t\t<div class=\"elementor-element elementor-element-e3d53cd elementor-widget elementor-widget-heading\" data-id=\"e3d53cd\" data-element_type=\"widget\" data-widget_type=\"heading.default\">\n\t\t\t\t<div class=\"elementor-widget-container\">\n\t\t\t<h1 class=\"elementor-heading-title elementor-size-large\">G\u00e4stebuch &amp; Stimmen<\/h1>\t\t<\/div>\n\t\t\t\t<\/div>\n\t\t\t\t\t\t<\/div>\n\t\t\t\t\t<\/div>\n\t\t<\/div>\n\t\t\t\t\t\t\t\t<\/div>\n\t\t\t\t\t<\/div>\n\t\t<\/section>\n\t\t\t\t<section class=\"elementor-section elementor-top-section elementor-element elementor-element-2b3121b7 elementor-section-boxed elementor-section-height-default elementor-section-height-default\" data-id=\"2b3121b7\" data-element_type=\"section\">\n\t\t\t\t\t\t<div class=\"elementor-container elementor-column-gap-default\">\n\t\t\t\t\t\t\t<div class=\"elementor-row\">\n\t\t\t\t\t<div class=\"elementor-column elementor-col-100 elementor-top-column elementor-element elementor-element-680e955a\" data-id=\"680e955a\" data-element_type=\"column\">\n\t\t\t<div class=\"elementor-column-wrap elementor-element-populated\">\n\t\t\t\t\t\t\t<div class=\"elementor-widget-wrap\">\n\t\t\t\t\t\t<div class=\"elementor-element elementor-element-7b5057e7 elementor-widget elementor-widget-text-editor\" data-id=\"7b5057e7\" data-element_type=\"widget\" data-widget_type=\"text-editor.default\">\n\t\t\t\t<div class=\"elementor-widget-container\">\n\t\t\t\t\t<div class=\"elementor-text-editor elementor-clearfix\"><!-- wp:paragraph -->\n<p>Viele Menschen haben ihre Gedanken und Gef\u00fchle hier mit uns geteilt. Diese Worte sind f\u00fcr uns ein wertvoller Schatz. Auch heute freuen wir uns \u00fcber jedes neue Feedback und jeden Gedanken, <a href=\"http:\/\/www.trisomie-18.de\/blog\/?page_id=63#comment\">den ihr hier hinterlasst<\/a>.<\/p>\n<!-- \/wp:paragraph --><\/div>\n\t\t\t\t<\/div>\n\t\t\t\t<\/div>\n\t\t\t\t\t\t<\/div>\n\t\t\t\t\t<\/div>\n\t\t<\/div>\n\t\t\t\t\t\t\t\t<\/div>\n\t\t\t\t\t<\/div>\n\t\t<\/section>\n\t\t\t\t\t\t<\/div>\n\t\t\t\t\t\t<\/div>\n\t\t\t\t\t<\/div>\n\t\t","protected":false},"excerpt":{"rendered":"<p>G\u00e4stebuch &amp; Stimmen Viele Menschen haben ihre Gedanken und Gef\u00fchle hier mit uns geteilt. Diese Worte sind f\u00fcr uns ein wertvoller Schatz. Auch heute freuen wir uns \u00fcber jedes neue Feedback und jeden Gedanken, den ihr hier hinterlasst.<\/p>\n","protected":false},"author":1,"featured_media":0,"parent":0,"menu_order":0,"comment_status":"open","ping_status":"open","template":"","meta":[],"_links":{"self":[{"href":"https:\/\/www.trisomie-18.de\/blog\/wp-json\/wp\/v2\/pages\/63"}],"collection":[{"href":"https:\/\/www.trisomie-18.de\/blog\/wp-json\/wp\/v2\/pages"}],"about":[{"href":"https:\/\/www.trisomie-18.de\/blog\/wp-json\/wp\/v2\/types\/page"}],"author":[{"embeddable":true,"href":"https:\/\/www.trisomie-18.de\/blog\/wp-json\/wp\/v2\/users\/1"}],"replies":[{"embeddable":true,"href":"https:\/\/www.trisomie-18.de\/blog\/wp-json\/wp\/v2\/comments?post=63"}],"version-history":[{"count":7,"href":"https:\/\/www.trisomie-18.de\/blog\/wp-json\/wp\/v2\/pages\/63\/revisions"}],"predecessor-version":[{"id":3963,"href":"https:\/\/www.trisomie-18.de\/blog\/wp-json\/wp\/v2\/pages\/63\/revisions\/3963"}],"wp:attachment":[{"href":"https:\/\/www.trisomie-18.de\/blog\/wp-json\/wp\/v2\/media?parent=63"}],"curies":[{"name":"wp","href":"https:\/\/api.w.org\/{rel}","templated":true}]}}